{"id":53,"date":"2019-04-18T11:16:34","date_gmt":"2019-04-18T11:16:34","guid":{"rendered":"https:\/\/envothemes.com\/envo-ecommerce\/?page_id=53"},"modified":"2024-09-10T17:06:30","modified_gmt":"2024-09-10T15:06:30","slug":"privacy-policy-2","status":"publish","type":"page","link":"https:\/\/www.softwarepergestionerifiuti.it\/?page_id=53","title":{"rendered":"Privacy Policy"},"content":{"rendered":"\t\t<div data-elementor-type=\"wp-post\" data-elementor-id=\"53\" class=\"elementor elementor-53\">\n\t\t\t\t\t\t<section class=\"elementor-section elementor-top-section elementor-element elementor-element-224b9b6 elementor-section-full_width elementor-section-height-default elementor-section-height-default\" data-id=\"224b9b6\" data-element_type=\"section\" data-settings=\"{&quot;background_background&quot;:&quot;classic&quot;,&quot;shape_divider_bottom&quot;:&quot;tilt&quot;}\">\n\t\t\t\t\t\t\t<div class=\"elementor-background-overlay\"><\/div>\n\t\t\t\t\t\t<div class=\"elementor-shape elementor-shape-bottom\" data-negative=\"false\">\n\t\t\t<svg xmlns=\"http:\/\/www.w3.org\/2000\/svg\" viewBox=\"0 0 1000 100\" preserveAspectRatio=\"none\">\n\t<path class=\"elementor-shape-fill\" d=\"M0,6V0h1000v100L0,6z\"\/>\n<\/svg>\t\t<\/div>\n\t\t\t\t\t<div class=\"elementor-container elementor-column-gap-default\">\n\t\t\t\t\t<div class=\"elementor-column elementor-col-100 elementor-top-column elementor-element elementor-element-d0f980b\" data-id=\"d0f980b\" data-element_type=\"column\">\n\t\t\t<div class=\"elementor-widget-wrap elementor-element-populated\">\n\t\t\t\t\t\t<section class=\"elementor-section elementor-inner-section elementor-element elementor-element-231d5ba elementor-section-boxed elementor-section-height-default elementor-section-height-default\" data-id=\"231d5ba\" data-element_type=\"section\">\n\t\t\t\t\t\t<div class=\"elementor-container elementor-column-gap-default\">\n\t\t\t\t\t<div class=\"elementor-column elementor-col-100 elementor-inner-column elementor-element elementor-element-2c9489b\" data-id=\"2c9489b\" data-element_type=\"column\">\n\t\t\t<div class=\"elementor-widget-wrap elementor-element-populated\">\n\t\t\t\t\t\t<div class=\"elementor-element elementor-element-2d06514 elementor-widget elementor-widget-heading\" data-id=\"2d06514\" data-element_type=\"widget\" data-widget_type=\"heading.default\">\n\t\t\t\t<div class=\"elementor-widget-container\">\n\t\t\t\t\t<h2 class=\"elementor-heading-title elementor-size-default\">Privacy Policy<\/h2>\t\t\t\t<\/div>\n\t\t\t\t<\/div>\n\t\t\t\t\t<\/div>\n\t\t<\/div>\n\t\t\t\t\t<\/div>\n\t\t<\/section>\n\t\t\t\t\t<\/div>\n\t\t<\/div>\n\t\t\t\t\t<\/div>\n\t\t<\/section>\n\t\t\t\t<section class=\"elementor-section elementor-top-section elementor-element elementor-element-9a8bc7c elementor-section-boxed elementor-section-height-default elementor-section-height-default\" data-id=\"9a8bc7c\" data-element_type=\"section\">\n\t\t\t\t\t\t<div class=\"elementor-container elementor-column-gap-default\">\n\t\t\t\t\t<div class=\"elementor-column elementor-col-100 elementor-top-column elementor-element elementor-element-600fc55 animated-slow elementor-invisible\" data-id=\"600fc55\" data-element_type=\"column\" data-settings=\"{&quot;animation&quot;:&quot;fadeInLeft&quot;}\">\n\t\t\t<div class=\"elementor-widget-wrap elementor-element-populated\">\n\t\t\t\t\t\t<div class=\"elementor-element elementor-element-dbb89d1 elementor-widget elementor-widget-text-editor\" data-id=\"dbb89d1\" data-element_type=\"widget\" data-widget_type=\"text-editor.default\">\n\t\t\t\t<div class=\"elementor-widget-container\">\n\t\t\t\t\t\t\t\t\t<h3 class=\"wp-block-heading\"><strong>REGOLAMENTO EUROPEO IN MATERIA DI PROTEZIONE DEI DATI PERSONALI 2016\/679<\/strong><\/h3><p>Questo sito WEB \u00e8 gestito e controllato da Systema Consulting Srl, in qualit\u00e0 di \u201cTitolare del trattamento dei dati\u201d, attraverso l\u2019operato del personale interno alla Sua struttura. Systema Consulting Srl considera i propri clienti come partner essenziali per lo sviluppo e la crescita dell\u2019azienda, e si preoccupa perci\u00f2 di tutelare i dati personali, conformemente alle Leggi dello Stato e al Regolamento UE 2016\/679. Si informano tutti gli utenti che:<\/p><p>1) l\u2019accesso e consultazione del sito comporta la registrazione automatica dei seguenti dati:<\/p><ul><li>dominio internet e protocollo IP<\/li><li>tipo di browser e sistema operativo del computer utilizzato<\/li><li>risoluzione Video e nome del PC<\/li><li>data, ora e permanenza nel sito<\/li><li>pagine visitate<\/li><li>eventuale motore di ricerca dal quale si \u00e8 entrati nel sito<\/li><\/ul><p>2) Le informazioni raccolte automaticamente possono essere utilizzate:<\/p><ul><li>per fini statistici<\/li><li>per migliorare la navigazione e i contenuti del sito<\/li><\/ul><p>3) I dati personali che l\u2019utente inserisce nei form presenti sul sito https:\/\/www.scitalia.com, autorizzandone il trattamento, sono utilizzati per rispondere a quesiti dell\u2019utente, per fornire le informazioni richieste o per contattare l\u2019utente in merito ai servizi forniti o per eventuali promozioni e\/o offerte in corso. Detti dati non possono in alcun modo identificare l\u2019utente.<\/p><h4>COOKIES<\/h4><p>L\u2019uso di cookies di sessione (che non vengono memorizzati in modo persistente sul computer dell\u2019utente e svaniscono con la chiusura del browser) \u00e8 strettamente limitato alla trasmissione di identificativi di sessione (costituiti da numeri casuali generati dal server) necessari per consentire l\u2019esplorazione sicura ed efficiente del sito e delle sue applicazioni.<br \/>I cookies di sessione utilizzati in questo sito evitano il ricorso ad altre tecniche informatiche potenzialmente pregiudizievoli per la riservatezza della navigazione degli utenti e non consentono l\u2019acquisizione di dati personali identificativi dell\u2019utente.<br \/>Questo sito web utilizza alcuni sistemi che analizzano la navigazione degli utenti per realizzare statistiche sulle visite o per migliorare l\u2019offerta dei contenuti, mostrare prodotti fra loro analoghi e posizionare, eventualmente, advertising mirato nelle pagine web.<br \/>Il sistema utilizzato \u00e8 Google Analytics, quest\u2019ultimo \u00e8 un servizio di analisi web fornito da Google, Inc. (\u201cGoogle\u201d). Google Analytics, come gli altri sistemi, utilizza dei \u201ccookies\u201d, che sono file di testo che vengono depositati sul Vostro computer per consentire al sito web di analizzare come gli utenti utilizzano il sito. Le informazioni generate dal cookie sull\u2019utilizzo del sito web da parte Vostra (compreso il Vostro indirizzo IP) verranno trasmesse e depositate presso i server di Google negli Stati Uniti. Google utilizzer\u00e0 queste informazioni allo scopo di tracciare ed esaminare il Vostro utilizzo di questo sito web, compilare report sulle attivit\u00e0 sul sito web per gli operatori del sito web e fornire altri servizi relativi alle attivit\u00e0 del sito web e all\u2019utilizzo di Internet. Google pu\u00f2 anche trasferire queste informazioni a terzi ove ci\u00f2 sia imposto dalla legge o laddove tali terzi trattino le suddette informazioni per conto di Google. Google non assocer\u00e0 il vostro indirizzo IP a nessun altro dato posseduto da Google. Potete rifiutarvi di usare i cookies selezionando l\u2019impostazione appropriata sul vostro browser, ma ci\u00f2 potrebbe impedirvi di utilizzare tutte le funzionalit\u00e0 di questo sito web. Utilizzando il presente sito web, voi acconsentite al trattamento dei Vostri dati da parte di Google per le modalit\u00e0 e i fini sopraindicati. Non viene fatto altro uso di cookies per la trasmissione di informazioni di carattere personale, n\u00e9 vengono utilizzati altri cookies persistenti di alcun tipo, ovvero sistemi per il tracciamento degli utenti. Vi ricordiamo che potete impostare il vostro software browser per internet (es. Firefox, Internet Explorer, Safari, Chrome) in modalit\u00e0 tale da non accettare i cookies, attivando la cosiddetta navigazione anonima, e che in tal caso nessun dato verr\u00e0 trattato attraverso questi sistemi.<br \/>Per info pi\u00f9 specifiche sui cookies utilizzati in questo sito potete seguire il seguente\u00a0<a href=\"https:\/\/www.scitalia.com\/scitalia\/cookie\/\">link<\/a>.\u00a0\u00a0<\/p><p>In conformit\u00e0 al Regolamento UE 2016\/679 la informiamo sui trattamenti che intendiamo effettuare sui vostri dati personali:<\/p><h5><strong>1. ESTREMI DEL TITOLARE DEL TRATTAMENTO E DEL DPO<\/strong><\/h5><p>Il Titolare del Trattamento \u00e8\u00a0<strong>Systema Consulting Srl<\/strong>, Via C.A. Jemolo, 303 00156 Roma, P.iva 05414321009, e-mail:\u00a0<a href=\"mailto:info@scitalia.com\">info@scitalia.com<\/a>.<\/p><p>Il nome del DPO \u00e8 Dott. Ing. Andrea D\u2019Innocenzo indirizzo e-mail:\u00a0<a href=\"mailto:a.dinnocenzo@scitalia.com\">a.dinnocenzo@scitalia.com<\/a><\/p><h5><strong>2. FINALIT\u00c0 E MODALIT\u00c0 DEL TRATTAMENTO<\/strong><\/h5><p>I trattamenti leciti che intendiamo effettuare senza il suo consenso sui dati da Lei forniti ha le seguenti finalit\u00e0:<\/p><p>a) esecuzione del servizio da Lei richiesto e obblighi derivanti dalla stipula del contratto di fornitura, risposte a quesiti e richieste inoltrate attraverso i web form, invio di preventivi richiesti attraverso web o telefonicamente;<\/p><p>b) finalit\u00e0 amministrativo-contabili necessarie per legge, in quanto strettamente connesse alla stipula del contratto.\u00a0\u00a0<\/p><p>I trattamenti leciti che intendiamo effettuare solo con il suo libero consenso hanno le seguenti finalit\u00e0:<\/p><p>c) comunicazioni di sicurezza e aggiornamenti relativi ai prodotti\/servizi da lei acquistati;<\/p><p>d) inviare newsletter, comunicazioni commerciali e\/o materiale promozionale su prodotti o servizi offerti dal Titolare analoghi a quelli da lei acquistati.<\/p><p>Tutti i trattamenti avvengono all\u2019interno della struttura del Titolare a cura esclusivamente di incaricati autorizzati e con mezzi cartacei o elettronici.<\/p><p>Per quanto riguarda i dati personali dei discenti\/utenti immessi dalle aziende Clienti ai fini dell\u2019erogazione di corsi formazione a dipendenti e collaboratori,\u00a0<strong>Systema Consulting Srl<\/strong>\u00a0gestisce esclusivamente i dati personali ai fini dell\u2019erogazione del servizio richiesto dal Cliente. Il tipo di trattamento svolto \u00e8 registrazione, archiviazione e comunicazione dei dati dei discenti agli enti di certificazione (ove previsto), e invio di email e\/o di comunicazioni relative esclusivamente alle date dei corsi o ad eventuali variazioni delle sessioni di formazione, risposte ai quesiti di helpdesk anche a mezzo telefono, gestione dell\u2019anagrafica e archivio degli attestati.<\/p><p>Nessun altro tipo di comunicazioni o altri trattamenti verranno svolti nei confronti dei discenti al di fuori di quelli qui indicati.<\/p><h5><strong>3. ALTRI DESTINATARI<\/strong><\/h5><p>I dati conferiti per le finalit\u00e0 lecite espresse al precedete punto 2 lettere a) e b) possono essere comunicati ad altri destinatari in quanto doverosi partecipi del processo di esecuzione del contratto; in particolare i suoi dati personali o una parte di essi possono essere comunicati ai seguenti destinatari con cui la societ\u00e0\u00a0<strong>Systema Consulting \u00a0Srl<\/strong>\u00a0detiene rapporti di collaborazione:<\/p><p>a. Studi di consulenza fiscale<\/p><p>b. Studi di consulenza legale<\/p><p>c. Banche<\/p><p>d. Professionisti e altri Subfornitori<\/p><p>e. Docenti, formatori e addestratori<\/p><p>L\u2019elenco dei soggetti esterni autorizzati \u00e8 disponibile presso la sede della nostra societ\u00e0.<\/p><h5><strong>4. PERIODO DI CONSERVAZIONE<\/strong><\/h5><p>I dati conferiti per le finalit\u00e0 lecite espresse al precedete punto 2. lettere a) e b) saranno conservati per il periodo strettamente necessario all\u2019esecuzione del contratto ed agli obblighi derivanti dallo stesso (garanzia, tutela, disponibilit\u00e0, fiscalit\u00e0, ecc\u2026).<br \/>In caso di dati registrati nei portali web per la creazione di account ai fini dell\u2019erogazione di servizi, i dati saranno conservati per tutto il periodo in cui l\u2019utente rimane attivo.<br \/>I dati necessari per l\u2019adempimento degli obblighi amministrativi e legali saranno invece conservati per il periodo stabilito dalle leggi.\u00a0<br \/>I dati conferiti per le finalit\u00e0 lecite espresse al precedete punto 2. lettera c) saranno conservati per 24 mesi e successivamente eliminati.<br \/>I dati conferiti per le finalit\u00e0 lecite espresse al precedete punto 2. lettera d) sono conservati in un database di contatti e vi rimangono fino a che l\u2019utente non esprima il suo diniego al trattamento nella sua area riservata<\/p><h5><strong>5. DIRITTI DELL\u2019INTERESSATO\u00a0<\/strong><\/h5><p>In ogni momento potr\u00e0 esercitare i Suoi diritti nei confronti del Titolare del trattamento nei termini e nelle modalit\u00e0 previste dal Regolamento UE 2016\/679 effettuando una richiesta per iscritto all\u2019indirizzo del Titolare del Trattamento o del suo Rappresentante.<\/p><p>L\u2019interessato, per i suoi dati personali, ha il diritto:<\/p><ul><li>di accesso<\/li><li>di rettifica<\/li><li>di cancellazione<\/li><li>di opposizione al trattamento<\/li><li>di proporre un reclamo all\u2019autorit\u00e0 di controllo<\/li><li>alla limitazione del trattamento<\/li><li>alla portabilit\u00e0 dei dati<\/li><\/ul><p>Qualora il trattamento sia basato sull\u2019articolo 6, paragrafo 1, lettera a), oppure sull\u2019articolo 9, paragrafo 2, lettera a), del Regolamento 2016\/679, l\u2019interessato ha il diritto di revocare il consenso in qualsiasi momento senza pregiudicare la liceit\u00e0 del trattamento basata sul consenso prestato prima della revoca.<\/p><h5><strong>6. CONSENSO AL TRATTAMENTO E CONSEGUENZE DI UN EVENTUALE RIFIUTO\u00a0<\/strong><\/h5><p>Il conferimento dei dati \u00e8 sempre facoltativo.<br \/>L\u2019eventuale rifiuto di fornire i dati personali richiesti per le finalit\u00e0 di cui alle lettere a) e b) del punto 2. della presente informativa potrebbe comportare la mancata o parziale esecuzione del servizio, diversamente, in relazione alle lettera d) il conferimento dei dati \u00e8 facoltativo ed il mancato consenso potrebbe comportare un funzionamento non corretto o non sicuro dei prodotti forniti o l\u2019impiego di inadeguate procedure di sicurezza in dipendenza del servizio\/prodotto fornito.<br \/>Per quanto riguarda le lettere c) e d) del punto 2. il mancato consenso al trattamento non comporta alcuna conseguenza.<br \/>L\u2019interessato potr\u00e0 opporsi al trattamento in relazione alle lettere c) e d) del punto 2. in qualsiasi momento e senza giustificato motivo anche successivamente al consenso scrivendo al Titolare del Trattamento o al suo Rappresentante nel territorio dello Stato.<br \/>Per le finalit\u00e0 espresse alla lettera d) del punto 2. \u00e8 sufficiente rifiutare il trattamento direttamente attraverso un link inviato ad ogni email di contatto.<br \/>Per gli account online, \u00e8 sufficiente accedere al proprio account ed eseguire le operazioni di tuning della privacy inclusa la cancellazione dell\u2019account.<\/p><h5><strong>7. ULTERIORI TRATTAMENTI<\/strong><\/h5><p>In merito agli ulteriori trattamenti che intendiamo eseguire per le finalit\u00e0 espresse al punto 2. della presente informativa alle lettere c) e d), informiamo gli interessati che tali dati non saranno mai ceduti a terzi ma saranno trattati esclusivamente da personale autorizzato dal Titolare del Trattamento e custoditi con adeguate misure di sicurezza sotto la responsabilit\u00e0 dello stesso.<br \/>Le finalit\u00e0 perseguite hanno il duplice obiettivo di fornire un elevato livello di servizio per offrire una migliore esperienza utente con i prodotti ed i servizi erogati dalla nostra Organizzazione e tenere aperto un canale di comunicazione con i nostri clienti per tenerli informati sulle evoluzioni, novit\u00e0 ed iniziative che costantemente portiamo avanti.<br \/>Per quanto riguarda i discenti invece, non viene svolto alcun trattamento al di fuori di quelli previsti per l\u2019erogazione della formazione a distanza, delle comunicazioni tecniche di piattaforma, di gestione degli attestati e del curriculum in piattaforma.<\/p>\t\t\t\t\t\t\t\t<\/div>\n\t\t\t\t<\/div>\n\t\t\t\t\t<\/div>\n\t\t<\/div>\n\t\t\t\t\t<\/div>\n\t\t<\/section>\n\t\t\t\t<\/div>\n\t\t","protected":false},"excerpt":{"rendered":"<p>Privacy Policy REGOLAMENTO EUROPEO IN MATERIA DI PROTEZIONE DEI DATI PERSONALI 2016\/679 Questo sito WEB \u00e8 gestito e controllato da Systema Consulting Srl, in qualit\u00e0 di \u201cTitolare del trattamento dei dati\u201d, attraverso l\u2019operato del personale&hellip;<\/p>\n","protected":false},"author":1,"featured_media":0,"parent":0,"menu_order":0,"comment_status":"closed","ping_status":"closed","template":"template-parts\/template-page-builders.php","meta":{"footnotes":""},"class_list":["post-53","page","type-page","status-publish","hentry"],"_links":{"self":[{"href":"https:\/\/www.softwarepergestionerifiuti.it\/index.php?rest_route=\/wp\/v2\/pages\/53","targetHints":{"allow":["GET"]}}],"collection":[{"href":"https:\/\/www.softwarepergestionerifiuti.it\/index.php?rest_route=\/wp\/v2\/pages"}],"about":[{"href":"https:\/\/www.softwarepergestionerifiuti.it\/index.php?rest_route=\/wp\/v2\/types\/page"}],"author":[{"embeddable":true,"href":"https:\/\/www.softwarepergestionerifiuti.it\/index.php?rest_route=\/wp\/v2\/users\/1"}],"replies":[{"embeddable":true,"href":"https:\/\/www.softwarepergestionerifiuti.it\/index.php?rest_route=%2Fwp%2Fv2%2Fcomments&post=53"}],"version-history":[{"count":5,"href":"https:\/\/www.softwarepergestionerifiuti.it\/index.php?rest_route=\/wp\/v2\/pages\/53\/revisions"}],"predecessor-version":[{"id":1459,"href":"https:\/\/www.softwarepergestionerifiuti.it\/index.php?rest_route=\/wp\/v2\/pages\/53\/revisions\/1459"}],"wp:attachment":[{"href":"https:\/\/www.softwarepergestionerifiuti.it\/index.php?rest_route=%2Fwp%2Fv2%2Fmedia&parent=53"}],"curies":[{"name":"wp","href":"https:\/\/api.w.org\/{rel}","templated":true}]}}